{"id":14752,"date":"2023-03-10T20:56:58","date_gmt":"2023-03-10T12:56:58","guid":{"rendered":"http:\/\/kaseybeauty.com\/?page_id=14752"},"modified":"2023-03-10T20:57:14","modified_gmt":"2023-03-10T12:57:14","slug":"what-are-the-cosmetics-labelling-requirements-in-brazil","status":"publish","type":"page","link":"https:\/\/www.kaseybeauty.com\/fr\/what-are-the-cosmetics-labelling-requirements-in-brazil\/","title":{"rendered":"Quelles sont les exigences d&#039;\u00e9tiquetage des COSM\u00c9TIQUES au Br\u00e9sil"},"content":{"rendered":"<p>Le respect des exigences d&#039;\u00e9tiquetage de l&#039;ANVISA est crucial pour les entreprises qui souhaitent vendre leurs cosm\u00e9tiques au Br\u00e9sil. Il est recommand\u00e9 de consulter l&#039;ANVISA ou un conseiller juridique pour vous assurer que vos produits sont conformes \u00e0 toutes les r\u00e9glementations applicables.<\/p>\n<p><strong>Exigences d&#039;importation\u00a0:<\/strong> Les cosm\u00e9tiques import\u00e9s doivent \u00eatre conformes aux exigences d&#039;\u00e9tiquetage br\u00e9siliennes et \u00eatre enregistr\u00e9s aupr\u00e8s de l&#039;ANVISA avant de pouvoir \u00eatre mis sur le march\u00e9.<\/p>\n<p><strong>Identit\u00e9 du produit\u00a0:<\/strong> L&#039;\u00e9tiquette doit comporter le nom du produit, sa destination et sa composition.<br \/>\n<strong>Quantit\u00e9 nette\u00a0:<\/strong> L&#039;\u00e9tiquette doit indiquer la quantit\u00e9 nette du produit en unit\u00e9s m\u00e9triques (par exemple, grammes, millilitres).<br \/>\n<strong>Informations sur le fabricant\u00a0:<\/strong> L&#039;\u00e9tiquette doit inclure le nom et l&#039;adresse du fabricant, de l&#039;importateur ou du distributeur responsable de la mise sur le march\u00e9 du produit.<br \/>\n<strong>Pays d&#039;origine:<\/strong> L&#039;\u00e9tiquette doit indiquer le pays d&#039;origine du produit.<br \/>\n<strong>Mode d&#039;emploi:<\/strong> L&#039;\u00e9tiquette doit inclure des instructions d&#039;utilisation, y compris les avertissements, les pr\u00e9cautions ou les contre-indications.<br \/>\n<strong>Num\u00e9ro de lot:<\/strong> L&#039;\u00e9tiquette doit comporter un num\u00e9ro de lot ou un autre code d&#039;identification permettant de retracer le produit jusqu&#039;\u00e0 son lot de production.<br \/>\n<strong>Date d&#039;expiration:<\/strong> L&#039;\u00e9tiquette doit indiquer la date de p\u00e9remption ou la p\u00e9riode apr\u00e8s ouverture pendant laquelle le produit doit \u00eatre utilis\u00e9.<br \/>\nNom INCI : L&#039;\u00e9tiquette doit inclure le nom INCI (International Nomenclature of Cosmetic Ingredients) de chaque ingr\u00e9dient, class\u00e9 par ordre d\u00e9croissant de poids.<br \/>\n<strong>Langue:<\/strong> L&#039;\u00e9tiquette doit \u00eatre en portugais, la langue officielle du Br\u00e9sil.<br \/>\n<strong>\u00c9tiquetage pour les tests sur les animaux\u00a0:<\/strong> L&#039;\u00e9tiquette doit indiquer si le produit ou ses ingr\u00e9dients ont \u00e9t\u00e9 test\u00e9s ou non sur des animaux.<\/p>\n<p>Examen de l&#039;\u00e9tiquette : L&#039;\u00e9tiquetage des cosm\u00e9tiques doit \u00eatre examin\u00e9 et approuv\u00e9 par l&#039;ANVISA avant que le produit puisse \u00eatre vendu au Br\u00e9sil.<br \/>\n<strong>Taille de police:<\/strong> La taille de la police des informations sur l&#039;\u00e9tiquette doit \u00eatre lisible et facilement lisible.<br \/>\n<strong>Symboles et ic\u00f4nes\u00a0:<\/strong> Des symboles et des ic\u00f4nes peuvent \u00eatre utilis\u00e9s sur l&#039;\u00e9tiquette, mais ils doivent \u00eatre accompagn\u00e9s d&#039;un texte clair et compr\u00e9hensible.<br \/>\n<strong>Cat\u00e9gorie de produit:<\/strong> L&#039;\u00e9tiquette doit indiquer la cat\u00e9gorie du produit (par exemple, shampoing, cr\u00e8me hydratante, cr\u00e8me solaire).<br \/>\n<strong>Emballage:<\/strong> L&#039;emballage du produit doit \u00eatre conforme aux r\u00e9glementations de l&#039;ANVISA en mati\u00e8re d&#039;hygi\u00e8ne, de s\u00e9curit\u00e9 et de durabilit\u00e9 environnementale.<br \/>\n<strong>\u00c9tiquetage \u00e0 des fins sp\u00e9ciales\u00a0:<\/strong> Certains types de cosm\u00e9tiques, tels que ceux destin\u00e9s \u00e0 un usage professionnel ou \u00e0 une utilisation dans des spas ou des salons, peuvent avoir des exigences d&#039;\u00e9tiquetage suppl\u00e9mentaires.<br \/>\n<strong>\u00c9tiquetage des ingr\u00e9dients\u00a0:<\/strong> La liste des ingr\u00e9dients sur l&#039;\u00e9tiquette doit inclure le nom INCI de chaque ingr\u00e9dient, et si un ingr\u00e9dient n&#039;est pas un ingr\u00e9dient cosm\u00e9tique approuv\u00e9 au Br\u00e9sil, son utilisation <strong>doit \u00eatre autoris\u00e9 par l&#039;ANVISA.<\/strong><br \/>\n<strong>\u00c9tiquetage pour les allerg\u00e8nes\u00a0:<\/strong> Si le produit contient l&#039;un des 13 allerg\u00e8nes les plus courants, tels que les arachides, le lait ou le soja, ils doivent \u00eatre indiqu\u00e9s sur l&#039;\u00e9tiquette.<br \/>\n<strong>\u00c9tiquetage pour les all\u00e9gations environnementales\u00a0:<\/strong> Toute all\u00e9gation environnementale faite sur l&#039;\u00e9tiquette, telle que \u00ab\u00a0biod\u00e9gradable\u00a0\u00bb ou \u00ab\u00a0respectueux de l&#039;environnement\u00a0\u00bb, doit \u00eatre \u00e9tay\u00e9e par des preuves scientifiques et \u00eatre conforme aux r\u00e9glementations ANVISA.<br \/>\n<strong>Publicit\u00e9:<\/strong> Tout mat\u00e9riel publicitaire ou promotionnel pour les cosm\u00e9tiques doit \u00eatre conforme aux r\u00e9glementations ANVISA et ne pas faire d&#039;all\u00e9gations fausses ou trompeuses.<br \/>\n<strong>R\u00e9clamations:<\/strong> Toute all\u00e9gation faite sur l&#039;\u00e9tiquette, telle que \u00ab\u00a0hypoallerg\u00e9nique\u00a0\u00bb ou \u00ab\u00a0test\u00e9 par des dermatologues\u00a0\u00bb, doit \u00eatre \u00e9tay\u00e9e par des preuves scientifiques et doit \u00eatre conforme aux r\u00e9glementations ANVISA.<br \/>\n<strong>Revendications d&#039;\u00e9tiquetage\u00a0:<\/strong> Les all\u00e9gations d&#039;\u00e9tiquetage faites par les produits cosm\u00e9tiques doivent \u00eatre v\u00e9ridiques et \u00e9tay\u00e9es par des preuves scientifiques. De plus, les all\u00e9gations d&#039;\u00e9tiquetage li\u00e9es \u00e0 des probl\u00e8mes de sant\u00e9 ou \u00e0 des maladies sp\u00e9cifiques ne sont pas autoris\u00e9es au Br\u00e9sil.<\/p>\n<p>&nbsp;<\/p>\n<div id=\"attachment_14755\" style=\"width: 760px\" class=\"wp-caption alignnone\"><img fetchpriority=\"high\" decoding=\"async\" aria-describedby=\"caption-attachment-14755\" class=\"size-medium wp-image-14755\" src=\"http:\/\/kaseybeauty.com\/wp-content\/uploads\/2023\/03\/Private-label-cosmetics-750x357.png\" alt=\"What are the COSMETICS Labelling requirements in Brazil\" title=\"Quelles sont les exigences d&#039;\u00e9tiquetage des COSM\u00c9TIQUES au Br\u00e9sil\" width=\"750\" height=\"357\" srcset=\"https:\/\/www.kaseybeauty.com\/wp-content\/uploads\/2023\/03\/Private-label-cosmetics-750x357.png 750w, https:\/\/www.kaseybeauty.com\/wp-content\/uploads\/2023\/03\/Private-label-cosmetics-1024x487.png 1024w, https:\/\/www.kaseybeauty.com\/wp-content\/uploads\/2023\/03\/Private-label-cosmetics-768x365.png 768w, https:\/\/www.kaseybeauty.com\/wp-content\/uploads\/2023\/03\/Private-label-cosmetics-1536x730.png 1536w, https:\/\/www.kaseybeauty.com\/wp-content\/uploads\/2023\/03\/Private-label-cosmetics.png 1733w\" sizes=\"(max-width: 750px) 100vw, 750px\" \/><p id=\"caption-attachment-14755\" class=\"wp-caption-text\">Cosm\u00e9tiques de marque priv\u00e9e<\/p><\/div>\n<p>&nbsp;<\/p>","protected":false},"excerpt":{"rendered":"Compliance with ANVISA&#8217;s labeling requirements is crucial for companies that want to sell their cosmetics in Brazil. It is recommended to consult with ANVISA or a legal advisor to ensure that your products comply with all applicable regulations. Import Requirements: Imported cosmetics must comply with Brazilian labeling requirements and be registered with ANVISA before they [&hellip;]","protected":false},"author":1,"featured_media":0,"parent":0,"menu_order":25,"comment_status":"closed","ping_status":"closed","template":"","meta":{"footnotes":""},"class_list":["post-14752","page","type-page","status-publish","hentry"],"_links":{"self":[{"href":"https:\/\/www.kaseybeauty.com\/fr\/wp-json\/wp\/v2\/pages\/14752","targetHints":{"allow":["GET"]}}],"collection":[{"href":"https:\/\/www.kaseybeauty.com\/fr\/wp-json\/wp\/v2\/pages"}],"about":[{"href":"https:\/\/www.kaseybeauty.com\/fr\/wp-json\/wp\/v2\/types\/page"}],"author":[{"embeddable":true,"href":"https:\/\/www.kaseybeauty.com\/fr\/wp-json\/wp\/v2\/users\/1"}],"replies":[{"embeddable":true,"href":"https:\/\/www.kaseybeauty.com\/fr\/wp-json\/wp\/v2\/comments?post=14752"}],"version-history":[{"count":0,"href":"https:\/\/www.kaseybeauty.com\/fr\/wp-json\/wp\/v2\/pages\/14752\/revisions"}],"wp:attachment":[{"href":"https:\/\/www.kaseybeauty.com\/fr\/wp-json\/wp\/v2\/media?parent=14752"}],"curies":[{"name":"wp","href":"https:\/\/api.w.org\/{rel}","templated":true}]}}