{"id":4524,"date":"2019-09-18T14:51:18","date_gmt":"2019-09-18T06:51:18","guid":{"rendered":"http:\/\/kaseybeauty.com\/product\/4524.html"},"modified":"2019-09-18T20:08:11","modified_gmt":"2019-09-18T12:08:11","slug":"oem-highlighter-15-2","status":"publish","type":"product","link":"https:\/\/www.kaseybeauty.com\/fr\/product\/4524.html","title":{"rendered":"Surligneur 10ml FA0298"},"content":{"rendered":"<p><strong>Highlighter MAKEUP MANUFACTURING<\/strong><\/p>\n<p>Kasey Beauty fabrique une grande vari\u00e9t\u00e9 de maquillage, des produits pour les l\u00e8vres, des produits pour les yeux, des produits pour le visage et tout ce qui se trouve entre les deux. Avec des installations \u00e0 la pointe de la technologie, des ingr\u00e9dients de qualit\u00e9 et plus de 10 ans d&#039;exp\u00e9rience. Nos produits que nous vous proposons garantiront que vos produits sont coh\u00e9rents \u00e0 tous les niveaux et que vous pouvez offrir \u00e0 vos clients plus de ce qu&#039;ils d\u00e9sirent. Vous pouvez \u00e9largir votre cat\u00e9gorie de l\u00e8vres pour r\u00e9pondre et d\u00e9passer vos besoins d\u00e9mographiques<\/p>\n<p><img fetchpriority=\"high\" decoding=\"async\" src=\"http:\/\/kaseybeauty.com\/wp-content\/uploads\/2019\/03\/OEM-MAKEUP.jpg\" alt=\"10ml Highlighter FA0298\" title=\"Surligneur 10ml FA0298\" sizes=\"(max-width: 900px) 100vw, 900px\" srcset=\"http:\/\/kaseybeauty.com\/wp-content\/uploads\/2019\/03\/OEM-MAKEUP.jpg 900w, http:\/\/kaseybeauty.com\/wp-content\/uploads\/2019\/03\/OEM-MAKEUP-150x150.jpg 150w, http:\/\/kaseybeauty.com\/wp-content\/uploads\/2019\/03\/OEM-MAKEUP-743x750.jpg 743w, http:\/\/kaseybeauty.com\/wp-content\/uploads\/2019\/03\/OEM-MAKEUP-768x775.jpg 768w\" width=\"900\" height=\"908\"><br \/>\n<img decoding=\"async\" src=\"http:\/\/kaseybeauty.com\/wp-content\/uploads\/2019\/03\/OEM-ODM-MAKEUP-1024x316.jpg\" alt=\"10ml Highlighter FA0298\" title=\"Surligneur 10ml FA0298\" sizes=\"(max-width: 1024px) 100vw, 1024px\" srcset=\"http:\/\/kaseybeauty.com\/wp-content\/uploads\/2019\/03\/OEM-ODM-MAKEUP-1024x316.jpg 1024w, http:\/\/kaseybeauty.com\/wp-content\/uploads\/2019\/03\/OEM-ODM-MAKEUP-750x232.jpg 750w, http:\/\/kaseybeauty.com\/wp-content\/uploads\/2019\/03\/OEM-ODM-MAKEUP-768x237.jpg 768w, http:\/\/kaseybeauty.com\/wp-content\/uploads\/2019\/03\/OEM-ODM-MAKEUP.jpg 1555w\" width=\"1024\" height=\"316\"><br \/>\n<a target=\"_blank\" href=\"https:\/\/www.kaseybeauty.com\/fr\/contact-us\/\" data-elementor-open-lightbox=\"\" rel=\"nofollow noopener\"><br \/>\n<img decoding=\"async\" src=\"http:\/\/kaseybeauty.com\/wp-content\/uploads\/2019\/03\/Makeup-manufacturing-process-150x150.png\" alt=\"10ml Highlighter FA0298\" title=\"Surligneur 10ml FA0298\" width=\"150\" height=\"150\"> <\/a><\/p>\n<p>Chaque \u00e9tape du processus est r\u00e9alis\u00e9e avec le plus grand soin, car le d\u00e9licat processus de fabrication du maquillage peut s&#039;effondrer d&#039;un seul faux pas. Notre usine est certifi\u00e9e ISO 22716 et est \u00e9galement conforme aux bonnes pratiques de fabrication (BPF) et aux bonnes pratiques de laboratoire (BPL), vous pouvez donc \u00eatre s\u00fbr que votre produit r\u00e9pond aux normes de qualit\u00e9 les plus strictes.<\/p>\n<h2 style=\"line-height: 12px; color: #6ec1e4; text-align: left;\">Emballage de surligneur personnalis\u00e9<\/h2>\n<p style=\"text-align: left;\">&nbsp; &nbsp;(Color box packing,&nbsp;Display packing, OPP bag packing, Bulk&nbsp;box packing&nbsp;)<\/p>\n<p><a target=\"_blank\" href=\"http:\/\/kaseybeauty.com\/wp-content\/uploads\/2019\/03\/OEM-makeup-custom-packing.jpg\" rel=\"nofollow noopener\"><img loading=\"lazy\" decoding=\"async\" src=\"http:\/\/kaseybeauty.com\/wp-content\/uploads\/2019\/03\/OEM-makeup-custom-packing-1024x248.jpg\" alt=\"10ml Highlighter FA0298\" title=\"Surligneur 10ml FA0298\" width=\"1024\" height=\"248\"><\/a><br \/>\nSURLIGNEUR DE MAQUILLAGE OEM ODM<\/p>\n<table width=\"853\">\n<tbody>\n<tr>\n<td width=\"160\">Attestation\u00a0:<\/td>\n<td width=\"605\">GMPC, ISO22716, SGS, MSDS<\/td>\n<\/tr>\n<tr>\n<td width=\"160\">Temps d&#039;\u00e9chantillonnage<\/td>\n<td width=\"605\">&nbsp;7-15 jours<\/td>\n<\/tr>\n<tr>\n<td width=\"160\">D\u00e9lai de mise en \u0153uvre<\/td>\n<td width=\"605\">&nbsp;35-60 jours, selon les articles que vous avez choisis et la quantit\u00e9<\/td>\n<\/tr>\n<tr>\n<td width=\"160\">Capacit\u00e9 de production:<\/td>\n<td width=\"605\">50000 pi\u00e8ces par jour<\/td>\n<\/tr>\n<tr>\n<td width=\"160\">M\u00e9thodes de payement:<\/td>\n<td width=\"605\">TT, L\/C, PayPal, Western Union, Paiement de Petit Montant, Alibaba Trade Assurance<a target=\"_blank\" href=\"https:\/\/www.kaseybeauty.com\/fr\/payment-terms\/\" rel=\"nofollow noopener\">&#8230;&#8230;<\/a><\/td>\n<\/tr>\n<tr>\n<td width=\"160\">Modalit\u00e9s de paiement<\/td>\n<td width=\"605\">&nbsp;D\u00e9p\u00f4t 30% pay\u00e9 avant la production en s\u00e9rie et solde 70% pay\u00e9 avant exp\u00e9dition<a target=\"_blank\" href=\"https:\/\/www.kaseybeauty.com\/fr\/payment-terms\/\" rel=\"nofollow noopener\">&#8230;&#8230;<\/a><\/td>\n<\/tr>\n<\/tbody>\n<\/table>\n<p><strong style=\"font-style: inherit;\">\u00c0 propos de nous:&nbsp;<\/strong>Yiwu Kasey Cosmetic Co., Ltd is a professional OEM\/ODM China makeup manufactured.&nbsp;With over 10 years\u2019 experience in the cosmetics industry, we specialize in the manufacturer and exporter of the mid-to-high class of goods.<\/p>\n<p>We committed to providing the highest quality products, service and support for our customers that meets customer expectations. Achieving complete customer satisfaction is central to our business&nbsp;philosophy.<\/p>\n<p>La qualit\u00e9 est notre culture, travaillez avec nous votre argent en toute s\u00e9curit\u00e9 et votre entreprise en toute s\u00e9curit\u00e9<a target=\"_blank\" style=\"font-style: inherit; font-weight: inherit; background-color: #ffffff;\" href=\"https:\/\/www.kaseybeauty.com\/fr\/kaseybeauty\/\" rel=\"nofollow noopener\">\u2026plus<\/a><\/p>\n<p><a target=\"_blank\" href=\"https:\/\/www.kaseybeauty.com\/fr\/kaseybeauty\/\" rel=\"nofollow noopener\"><br \/>\n<img loading=\"lazy\" decoding=\"async\" src=\"http:\/\/kaseybeauty.com\/wp-content\/uploads\/2019\/01\/Eyeshadow-makeup-factory.jpg\" alt=\"10ml Highlighter FA0298\" title=\"Surligneur 10ml FA0298\" width=\"526\" height=\"303\"> <\/a><br \/>\n<a target=\"_blank\" href=\"https:\/\/www.kaseybeauty.com\/fr\/kaseybeauty\/\" rel=\"nofollow noopener\"><br \/>\n<img loading=\"lazy\" decoding=\"async\" src=\"http:\/\/kaseybeauty.com\/wp-content\/uploads\/2019\/01\/Makeup-factory-Certificate-1024x145.jpg\" alt=\"10ml Highlighter FA0298\" title=\"Surligneur 10ml FA0298\" sizes=\"(max-width: 1024px) 100vw, 1024px\" srcset=\"http:\/\/kaseybeauty.com\/wp-content\/uploads\/2019\/01\/Makeup-factory-Certificate-1024x145.jpg 1024w, http:\/\/kaseybeauty.com\/wp-content\/uploads\/2019\/01\/Makeup-factory-Certificate-750x106.jpg 750w, http:\/\/kaseybeauty.com\/wp-content\/uploads\/2019\/01\/Makeup-factory-Certificate-768x109.jpg 768w, http:\/\/kaseybeauty.com\/wp-content\/uploads\/2019\/01\/Makeup-factory-Certificate.jpg 1500w\" width=\"1024\" height=\"145\"> <\/a><\/p>\n<h2>FAQ<\/h2>\n<p><a target=\"_blank\">Q\u00a0: O\u00f9 se trouve votre entreprise\u00a0?<\/a><\/p>\n<p>A : Notre usine dans la ville de Yiwu, province de Zhejiang en Chine orientale.<\/p>\n<p><a target=\"_blank\">Q : Surligneur MOQ<\/a><\/p>\n<p>A: Normally 12,000 pcs, but we can make a few colors for you, each color MOQ 2000-3000&nbsp;Pieces<\/p>\n<p><a target=\"_blank\">Q : Comment commander un surligneur ?<\/a><\/p>\n<p>A: Veuillez visiter cette page<a target=\"_blank\" href=\"https:\/\/www.kaseybeauty.com\/fr\/how-to-place-order\/\" rel=\"nofollow noopener\"><b><u> Comment passer commande<\/u><\/b><\/a>&nbsp; ou envoyez-nous une demande via <b>E-mail: <\/b>Mark@kaseybeauty.com, <b>Skype :<\/b> mark_hy , <b>Wechat : <\/b>122254335 et <b>t\u00e9l\u00e9phone\/WhatsApp<\/b>:+8613282915312<\/p>\n<p><a target=\"_blank\">Q\u00a0: Pouvons-nous faire v\u00e9rifier l&#039;\u00e9chantillon avant de placer une grande quantit\u00e9\u00a0?<\/a><\/p>\n<p>A: oui, faites des \u00e9chantillons environ 5 \u00e0 12 jours apr\u00e8s r\u00e9ception du co\u00fbt de l&#039;\u00e9chantillon, et cela peut vous \u00eatre rembours\u00e9 apr\u00e8s la commande.<\/p>\n<p><a target=\"_blank\"> Q\u00a0: Combien de temps faut-il pour fabriquer une fois qu&#039;une commande a \u00e9t\u00e9 pass\u00e9e\u00a0? <\/a><\/p>\n<p>A: 35-60 jours apr\u00e8s r\u00e9ception du paiement et confirmation de l&#039;illustration, en attendant, cela d\u00e9pend de la quantit\u00e9.<\/p>\n<p><a target=\"_blank\">Q : Testez-vous vos produits sur des animaux ?<\/a><\/p>\n<p>R : Nos produits sont 100% sans cruaut\u00e9, dont aucun n&#039;est test\u00e9 sur les animaux, uniquement le personnel.<\/p>\n<p><a target=\"_blank\">Q\u00a0: Quels sont les meilleurs moyens d&#039;exp\u00e9dier mes affaires\u00a0? <\/a><\/p>\n<p>A: 1. Si petite quantit\u00e9, nos conseils par voie a\u00e9rienne tels que UPS, FEDEX, DHL, etc.<br \/>\n2. Si une plus grande quantit\u00e9, nos conseils vous sont exp\u00e9di\u00e9s par mer<a target=\"_blank\" href=\"https:\/\/www.kaseybeauty.com\/fr\/delivery\/\" rel=\"nofollow noopener\"><u>\u2026more<\/u><\/a><\/p>\n<p><a target=\"_blank\">Q : Commande ou \u00e9chantillons non re\u00e7us ?<\/a><\/p>\n<p>R : Nous vous fournirons un num\u00e9ro de suivi et vous pourrez suivre votre commande \u00e0 chaque \u00e9tape en l&#039;utilisant, mais si vous rencontrez un probl\u00e8me, veuillez nous contacter ici.<\/p>\n<p><a target=\"_blank\">Q\u00a0: Que dois-je faire si un article est cass\u00e9\u00a0? <\/a><\/p>\n<p>R\u00a0: Si un produit est endommag\u00e9 \u00e0 la r\u00e9ception, nous pouvons vous rembourser cet ou ces articles si vous contactez le service d&#039;assistance. Veuillez noter que vous pouvez \u00eatre invit\u00e9 \u00e0 fournir des photos.<\/p>\n<p><a target=\"_blank\">Q\u00a0: Les produits sont-ils conformes aux r\u00e9glementations sur les cosm\u00e9tiques, telles que la FDA et l&#039;UE\u00a0?<\/a><\/p>\n<p>A : Oui, notre usine a<a target=\"_blank\" href=\"https:\/\/www.kaseybeauty.com\/fr\/certificate\/\" rel=\"nofollow noopener\"> <u>ISO22716\/GMPC<\/u><\/a> certificat et la plupart de nos ingr\u00e9dients sont import\u00e9s de fournisseurs de renomm\u00e9e mondiale tels que Sun Chemical, Kingfisher, Kahl, Croda, Merch, Engelhard, etc. apr\u00e8s avoir pass\u00e9 la commande, nous vous proposerons des fiches signal\u00e9tiques (fiches de donn\u00e9es de s\u00e9curit\u00e9).<\/p>\n<p><strong>MEILLEUR SERVICE ET CONSEILS AMICAUX&nbsp;<\/strong> &nbsp;Si vous avez besoin d&#039;informations suppl\u00e9mentaires sur l&#039;un de nos produits de beaut\u00e9, contactez-nous par e-mail ou Whatsapp, etc., nous vous r\u00e9pondrons dans les plus brefs d\u00e9lais.<\/p>","protected":false},"excerpt":{"rendered":"Kasey Beauty manufactures a wide variety of  makeup, from Lip products, eye products, face products and anything in between. With state-of-the-art facilities, quality ingredients, and above 10 years\u2019 experience.","protected":false},"featured_media":4525,"menu_order":372,"template":"","meta":[],"class_list":["post-4524","product","type-product","status-publish","has-post-thumbnail","hentry","products-highlighter-glow"],"_links":{"self":[{"href":"https:\/\/www.kaseybeauty.com\/fr\/wp-json\/wp\/v2\/product\/4524","targetHints":{"allow":["GET"]}}],"collection":[{"href":"https:\/\/www.kaseybeauty.com\/fr\/wp-json\/wp\/v2\/product"}],"about":[{"href":"https:\/\/www.kaseybeauty.com\/fr\/wp-json\/wp\/v2\/types\/product"}],"version-history":[{"count":0,"href":"https:\/\/www.kaseybeauty.com\/fr\/wp-json\/wp\/v2\/product\/4524\/revisions"}],"wp:featuredmedia":[{"embeddable":true,"href":"https:\/\/www.kaseybeauty.com\/fr\/wp-json\/wp\/v2\/media\/4525"}],"wp:attachment":[{"href":"https:\/\/www.kaseybeauty.com\/fr\/wp-json\/wp\/v2\/media?parent=4524"}],"curies":[{"name":"wp","href":"https:\/\/api.w.org\/{rel}","templated":true}]}}