{"id":4524,"date":"2019-09-18T14:51:18","date_gmt":"2019-09-18T06:51:18","guid":{"rendered":"http:\/\/kaseybeauty.com\/product\/4524.html"},"modified":"2019-09-18T20:08:11","modified_gmt":"2019-09-18T12:08:11","slug":"oem-highlighter-15-2","status":"publish","type":"product","link":"https:\/\/www.kaseybeauty.com\/it\/product\/4524.html","title":{"rendered":"Evidenziatore da 10 ml FA0298"},"content":{"rendered":"<p><strong>Highlighter MAKEUP MANUFACTURING<\/strong><\/p>\n<p>Kasey Beauty produce un&#039;ampia variet\u00e0 di trucchi, da prodotti per le labbra, prodotti per gli occhi, prodotti per il viso e qualsiasi altra via di mezzo. Con strutture all&#039;avanguardia, ingredienti di qualit\u00e0 e oltre 10 anni di esperienza. I nostri prodotti che ti offriamo assicureranno che i tuoi prodotti siano coerenti su tutta la linea e che tu possa offrire ai tuoi clienti pi\u00f9 di ci\u00f2 che desiderano. Puoi espandere la tua categoria di labbra per soddisfare e superare le tue esigenze demografiche<\/p>\n<p><img fetchpriority=\"high\" decoding=\"async\" src=\"http:\/\/kaseybeauty.com\/wp-content\/uploads\/2019\/03\/OEM-MAKEUP.jpg\" alt=\"10ml Highlighter FA0298\" title=\"Evidenziatore da 10 ml FA0298\" sizes=\"(max-width: 900px) 100vw, 900px\" srcset=\"http:\/\/kaseybeauty.com\/wp-content\/uploads\/2019\/03\/OEM-MAKEUP.jpg 900w, http:\/\/kaseybeauty.com\/wp-content\/uploads\/2019\/03\/OEM-MAKEUP-150x150.jpg 150w, http:\/\/kaseybeauty.com\/wp-content\/uploads\/2019\/03\/OEM-MAKEUP-743x750.jpg 743w, http:\/\/kaseybeauty.com\/wp-content\/uploads\/2019\/03\/OEM-MAKEUP-768x775.jpg 768w\" width=\"900\" height=\"908\"><br \/>\n<img decoding=\"async\" src=\"http:\/\/kaseybeauty.com\/wp-content\/uploads\/2019\/03\/OEM-ODM-MAKEUP-1024x316.jpg\" alt=\"10ml Highlighter FA0298\" title=\"Evidenziatore da 10 ml FA0298\" sizes=\"(max-width: 1024px) 100vw, 1024px\" srcset=\"http:\/\/kaseybeauty.com\/wp-content\/uploads\/2019\/03\/OEM-ODM-MAKEUP-1024x316.jpg 1024w, http:\/\/kaseybeauty.com\/wp-content\/uploads\/2019\/03\/OEM-ODM-MAKEUP-750x232.jpg 750w, http:\/\/kaseybeauty.com\/wp-content\/uploads\/2019\/03\/OEM-ODM-MAKEUP-768x237.jpg 768w, http:\/\/kaseybeauty.com\/wp-content\/uploads\/2019\/03\/OEM-ODM-MAKEUP.jpg 1555w\" width=\"1024\" height=\"316\"><br \/>\n<a target=\"_blank\" href=\"https:\/\/www.kaseybeauty.com\/it\/contact-us\/\" data-elementor-open-lightbox=\"\" rel=\"nofollow noopener\"><br \/>\n<img decoding=\"async\" src=\"http:\/\/kaseybeauty.com\/wp-content\/uploads\/2019\/03\/Makeup-manufacturing-process-150x150.png\" alt=\"10ml Highlighter FA0298\" title=\"Evidenziatore da 10 ml FA0298\" width=\"150\" height=\"150\"> <\/a><\/p>\n<p>Ogni fase del processo viene eseguita con la massima cura, poich\u00e9 il delicato processo di produzione del trucco pu\u00f2 andare in pezzi con un passo falso. La nostra struttura \u00e8 certificata ISO 22716 e rispetta anche le buone pratiche di fabbricazione (GMP) e le buone pratiche di laboratorio (GLP), quindi puoi essere certo che il tuo prodotto soddisfi i pi\u00f9 severi standard di qualit\u00e0<\/p>\n<h2 style=\"line-height: 12px; color: #6ec1e4; text-align: left;\">Confezione di evidenziatori personalizzata<\/h2>\n<p style=\"text-align: left;\">&nbsp; &nbsp;(Color box packing,&nbsp;Display packing, OPP bag packing, Bulk&nbsp;box packing&nbsp;)<\/p>\n<p><a target=\"_blank\" href=\"http:\/\/kaseybeauty.com\/wp-content\/uploads\/2019\/03\/OEM-makeup-custom-packing.jpg\" rel=\"nofollow noopener\"><img loading=\"lazy\" decoding=\"async\" src=\"http:\/\/kaseybeauty.com\/wp-content\/uploads\/2019\/03\/OEM-makeup-custom-packing-1024x248.jpg\" alt=\"10ml Highlighter FA0298\" title=\"Evidenziatore da 10 ml FA0298\" width=\"1024\" height=\"248\"><\/a><br \/>\nEVIDENZIATORE DI TRUCCO OEM ODM<\/p>\n<table width=\"853\">\n<tbody>\n<tr>\n<td width=\"160\">Certificazione:<\/td>\n<td width=\"605\">GMPC, ISO22716, SGS, MSDS<\/td>\n<\/tr>\n<tr>\n<td width=\"160\">Tempo di campionamento<\/td>\n<td width=\"605\">&nbsp;7-15 giorni<\/td>\n<\/tr>\n<tr>\n<td width=\"160\">Tempi di consegna<\/td>\n<td width=\"605\">&nbsp;35-60 giorni, a seconda degli articoli scelti e della quantit\u00e0<\/td>\n<\/tr>\n<tr>\n<td width=\"160\">Capacit\u00e0 produttiva:<\/td>\n<td width=\"605\">50000 pezzi al giorno<\/td>\n<\/tr>\n<tr>\n<td width=\"160\">Modalit\u00e0 di pagamento:<\/td>\n<td width=\"605\">TT, L\/C, PayPal, Western Union, Money Gram, Alibaba Trade Assurance<a target=\"_blank\" href=\"https:\/\/www.kaseybeauty.com\/it\/payment-terms\/\" rel=\"nofollow noopener\">&#8230;&#8230;<\/a><\/td>\n<\/tr>\n<tr>\n<td width=\"160\">Termini di pagamento<\/td>\n<td width=\"605\">&nbsp;Deposito 30% pagato prima della produzione di massa e saldo 70% pagato prima della spedizione<a target=\"_blank\" href=\"https:\/\/www.kaseybeauty.com\/it\/payment-terms\/\" rel=\"nofollow noopener\">&#8230;&#8230;<\/a><\/td>\n<\/tr>\n<\/tbody>\n<\/table>\n<p><strong style=\"font-style: inherit;\">Chi siamo:&nbsp;<\/strong>Yiwu Kasey Cosmetic Co., Ltd is a professional OEM\/ODM China makeup manufactured.&nbsp;With over 10 years\u2019 experience in the cosmetics industry, we specialize in the manufacturer and exporter of the mid-to-high class of goods.<\/p>\n<p>We committed to providing the highest quality products, service and support for our customers that meets customer expectations. Achieving complete customer satisfaction is central to our business&nbsp;philosophy.<\/p>\n<p>La qualit\u00e0 \u00e8 la nostra cultura, lavora con noi i tuoi soldi al sicuro e il tuo business al sicuro<a target=\"_blank\" style=\"font-style: inherit; font-weight: inherit; background-color: #ffffff;\" href=\"https:\/\/www.kaseybeauty.com\/it\/kaseybeauty\/\" rel=\"nofollow noopener\">\u2026Di pi\u00f9<\/a><\/p>\n<p><a target=\"_blank\" href=\"https:\/\/www.kaseybeauty.com\/it\/kaseybeauty\/\" rel=\"nofollow noopener\"><br \/>\n<img loading=\"lazy\" decoding=\"async\" src=\"http:\/\/kaseybeauty.com\/wp-content\/uploads\/2019\/01\/Eyeshadow-makeup-factory.jpg\" alt=\"10ml Highlighter FA0298\" title=\"Evidenziatore da 10 ml FA0298\" width=\"526\" height=\"303\"> <\/a><br \/>\n<a target=\"_blank\" href=\"https:\/\/www.kaseybeauty.com\/it\/kaseybeauty\/\" rel=\"nofollow noopener\"><br \/>\n<img loading=\"lazy\" decoding=\"async\" src=\"http:\/\/kaseybeauty.com\/wp-content\/uploads\/2019\/01\/Makeup-factory-Certificate-1024x145.jpg\" alt=\"10ml Highlighter FA0298\" title=\"Evidenziatore da 10 ml FA0298\" sizes=\"(max-width: 1024px) 100vw, 1024px\" srcset=\"http:\/\/kaseybeauty.com\/wp-content\/uploads\/2019\/01\/Makeup-factory-Certificate-1024x145.jpg 1024w, http:\/\/kaseybeauty.com\/wp-content\/uploads\/2019\/01\/Makeup-factory-Certificate-750x106.jpg 750w, http:\/\/kaseybeauty.com\/wp-content\/uploads\/2019\/01\/Makeup-factory-Certificate-768x109.jpg 768w, http:\/\/kaseybeauty.com\/wp-content\/uploads\/2019\/01\/Makeup-factory-Certificate.jpg 1500w\" width=\"1024\" height=\"145\"> <\/a><\/p>\n<h2>FAQ<\/h2>\n<p><a target=\"_blank\">D: Dov&#039;\u00e8 la tua azienda?<\/a><\/p>\n<p>A: La nostra fabbrica nella citt\u00e0 di Yiwu, nella provincia di Zhejiang, nella Cina orientale.<\/p>\n<p><a target=\"_blank\">Q: Evidenziatore MOQ<\/a><\/p>\n<p>A: Normally 12,000 pcs, but we can make a few colors for you, each color MOQ 2000-3000&nbsp;Pieces<\/p>\n<p><a target=\"_blank\">D: Come ordinare l&#039;evidenziatore?<\/a><\/p>\n<p>R: Si prega di visitare questa pagina<a target=\"_blank\" href=\"https:\/\/www.kaseybeauty.com\/it\/how-to-place-order\/\" rel=\"nofollow noopener\"><b><u> Come effettuare l&#039;ordine<\/u><\/b><\/a>&nbsp; o inviaci un requisito tramite <b>E-mail: <\/b>Mark@kaseybeauty.com, <b>Skype:<\/b> mark_hy , <b>chattare: <\/b>122254335 e <b>telefono\/WhatsApp<\/b>:+8613282915312<\/p>\n<p><a target=\"_blank\">D: Possiamo ottenere il campione da controllare prima di posizionare grandi quantit\u00e0?<\/a><\/p>\n<p>A: S\u00ec, fai campioni circa 5-12 giorni dopo aver ricevuto il costo del campione, e questo pu\u00f2 essere rimborsato dopo aver effettuato l&#039;ordine.<\/p>\n<p><a target=\"_blank\"> D: Quanto tempo ci vuole per produrre una volta che \u00e8 stato effettuato un ordine? <\/a><\/p>\n<p>A: 35-60 giorni dopo il pagamento ricevuto e confermare la grafica, nel frattempo dipende dalla quantit\u00e0.<\/p>\n<p><a target=\"_blank\">D: Testate i vostri prodotti sugli animali?<\/a><\/p>\n<p>A: I nostri prodotti sono 100% cruelty-free, nessuno dei quali \u00e8 testato sugli animali, solo il personale.<\/p>\n<p><a target=\"_blank\">D: Quali sono i modi migliori per spedire le mie cose <\/a><\/p>\n<p>A: 1. In caso di piccole quantit\u00e0, i nostri consigli via aerea come UPS, FEDEX, DHL ecc.<br \/>\n2. In caso di quantit\u00e0 maggiori, i nostri consigli ti verranno spediti via mare<a target=\"_blank\" href=\"https:\/\/www.kaseybeauty.com\/it\/delivery\/\" rel=\"nofollow noopener\"><u>\u2026more<\/u><\/a><\/p>\n<p><a target=\"_blank\">D: Ordine o campioni non ricevuti?<\/a><\/p>\n<p>A: Ti forniremo un numero di tracciamento e sarai in grado di tracciare il tuo ordine in ogni fase utilizzandolo, ma se riscontri qualche problema contattaci qui.<\/p>\n<p><a target=\"_blank\">D: Cosa devo fare se un oggetto \u00e8 rotto? <\/a><\/p>\n<p>R: Se un prodotto \u00e8 danneggiato al ricevimento, possiamo rimborsarti per quell&#039;articolo\/i se contatti l&#039;helpdesk. Si prega di notare che potrebbe essere richiesto di fornire immagini.<\/p>\n<p><a target=\"_blank\">D: I prodotti sono conformi alle normative sui cosmetici, come FDA e UE?<\/a><\/p>\n<p>A: S\u00ec, la nostra fabbrica ha<a target=\"_blank\" href=\"https:\/\/www.kaseybeauty.com\/it\/certificate\/\" rel=\"nofollow noopener\"> <u>ISO22716\/GMPC<\/u><\/a> certificato e la maggior parte dei nostri ingredienti sono importati da fornitori di fama mondiale come Sun Chemical, Kingfisher, Kahl, Croda, Merch, Engelhard, ecc.<\/p>\n<p><strong>MIGLIOR SERVIZIO E CONSIGLI AMICI&nbsp;<\/strong> &nbsp;Se hai bisogno di ulteriori informazioni su uno qualsiasi dei nostri prodotti di bellezza, contattaci via e-mail o Whatsapp ecc. Ti risponderemo il prima possibile.<\/p>","protected":false},"excerpt":{"rendered":"Kasey Beauty manufactures a wide variety of  makeup, from Lip products, eye products, face products and anything in between. With state-of-the-art facilities, quality ingredients, and above 10 years\u2019 experience.","protected":false},"featured_media":4525,"menu_order":372,"template":"","meta":[],"class_list":["post-4524","product","type-product","status-publish","has-post-thumbnail","hentry","products-highlighter-glow"],"_links":{"self":[{"href":"https:\/\/www.kaseybeauty.com\/it\/wp-json\/wp\/v2\/product\/4524","targetHints":{"allow":["GET"]}}],"collection":[{"href":"https:\/\/www.kaseybeauty.com\/it\/wp-json\/wp\/v2\/product"}],"about":[{"href":"https:\/\/www.kaseybeauty.com\/it\/wp-json\/wp\/v2\/types\/product"}],"version-history":[{"count":0,"href":"https:\/\/www.kaseybeauty.com\/it\/wp-json\/wp\/v2\/product\/4524\/revisions"}],"wp:featuredmedia":[{"embeddable":true,"href":"https:\/\/www.kaseybeauty.com\/it\/wp-json\/wp\/v2\/media\/4525"}],"wp:attachment":[{"href":"https:\/\/www.kaseybeauty.com\/it\/wp-json\/wp\/v2\/media?parent=4524"}],"curies":[{"name":"wp","href":"https:\/\/api.w.org\/{rel}","templated":true}]}}