{"id":4524,"date":"2019-09-18T14:51:18","date_gmt":"2019-09-18T06:51:18","guid":{"rendered":"http:\/\/kaseybeauty.com\/product\/4524.html"},"modified":"2019-09-18T20:08:11","modified_gmt":"2019-09-18T12:08:11","slug":"oem-highlighter-15-2","status":"publish","type":"product","link":"https:\/\/www.kaseybeauty.com\/vi\/product\/4524.html","title":{"rendered":"B\u00fat d\u1ea1 quang 10ml FA0298"},"content":{"rendered":"<p><strong>Highlighter MAKEUP MANUFACTURING<\/strong><\/p>\n<p>Kasey Beauty s\u1ea3n xu\u1ea5t nhi\u1ec1u lo\u1ea1i \u0111\u1ed3 trang \u0111i\u1ec3m, t\u1eeb c\u00e1c s\u1ea3n ph\u1ea9m d\u00e0nh cho M\u00f4i, c\u00e1c s\u1ea3n ph\u1ea9m d\u00e0nh cho m\u1eaft, c\u00e1c s\u1ea3n ph\u1ea9m d\u00e0nh cho m\u1eb7t v\u00e0 b\u1ea5t c\u1ee9 th\u1ee9 g\u00ec \u1edf gi\u1eefa. V\u1edbi c\u01a1 s\u1edf v\u1eadt ch\u1ea5t hi\u1ec7n \u0111\u1ea1i, nguy\u00ean li\u1ec7u ch\u1ea5t l\u01b0\u1ee3ng v\u00e0 h\u01a1n 10 n\u0103m kinh nghi\u1ec7m. C\u00e1c s\u1ea3n ph\u1ea9m c\u1ee7a ch\u00fang t\u00f4i m\u00e0 ch\u00fang t\u00f4i cung c\u1ea5p cho b\u1ea1n s\u1ebd \u0111\u1ea3m b\u1ea3o c\u00e1c s\u1ea3n ph\u1ea9m c\u1ee7a b\u1ea1n nh\u1ea5t qu\u00e1n tr\u00ean di\u1ec7n r\u1ed9ng v\u00e0 b\u1ea1n c\u00f3 th\u1ec3 cung c\u1ea5p cho kh\u00e1ch h\u00e0ng c\u1ee7a m\u00ecnh nhi\u1ec1u h\u01a1n nh\u1eefng g\u00ec h\u1ecd mong mu\u1ed1n. B\u1ea1n c\u00f3 th\u1ec3 m\u1edf r\u1ed9ng danh m\u1ee5c m\u00f4i c\u1ee7a m\u00ecnh \u0111\u1ec3 \u0111\u00e1p \u1ee9ng v\u00e0 v\u01b0\u1ee3t qu\u00e1 nhu c\u1ea7u nh\u00e2n kh\u1ea9u h\u1ecdc c\u1ee7a m\u00ecnh<\/p>\n<p><img fetchpriority=\"high\" decoding=\"async\" src=\"http:\/\/kaseybeauty.com\/wp-content\/uploads\/2019\/03\/OEM-MAKEUP.jpg\" alt=\"10ml Highlighter FA0298\" title=\"B\u00fat d\u1ea1 quang 10ml FA0298\" sizes=\"(max-width: 900px) 100vw, 900px\" srcset=\"http:\/\/kaseybeauty.com\/wp-content\/uploads\/2019\/03\/OEM-MAKEUP.jpg 900w, http:\/\/kaseybeauty.com\/wp-content\/uploads\/2019\/03\/OEM-MAKEUP-150x150.jpg 150w, http:\/\/kaseybeauty.com\/wp-content\/uploads\/2019\/03\/OEM-MAKEUP-743x750.jpg 743w, http:\/\/kaseybeauty.com\/wp-content\/uploads\/2019\/03\/OEM-MAKEUP-768x775.jpg 768w\" width=\"900\" height=\"908\"><br \/>\n<img decoding=\"async\" src=\"http:\/\/kaseybeauty.com\/wp-content\/uploads\/2019\/03\/OEM-ODM-MAKEUP-1024x316.jpg\" alt=\"10ml Highlighter FA0298\" title=\"B\u00fat d\u1ea1 quang 10ml FA0298\" sizes=\"(max-width: 1024px) 100vw, 1024px\" srcset=\"http:\/\/kaseybeauty.com\/wp-content\/uploads\/2019\/03\/OEM-ODM-MAKEUP-1024x316.jpg 1024w, http:\/\/kaseybeauty.com\/wp-content\/uploads\/2019\/03\/OEM-ODM-MAKEUP-750x232.jpg 750w, http:\/\/kaseybeauty.com\/wp-content\/uploads\/2019\/03\/OEM-ODM-MAKEUP-768x237.jpg 768w, http:\/\/kaseybeauty.com\/wp-content\/uploads\/2019\/03\/OEM-ODM-MAKEUP.jpg 1555w\" width=\"1024\" height=\"316\"><br \/>\n<a target=\"_blank\" href=\"https:\/\/www.kaseybeauty.com\/vi\/contact-us\/\" data-elementor-open-lightbox=\"\" rel=\"nofollow noopener\"><br \/>\n<img decoding=\"async\" src=\"http:\/\/kaseybeauty.com\/wp-content\/uploads\/2019\/03\/Makeup-manufacturing-process-150x150.png\" alt=\"10ml Highlighter FA0298\" title=\"B\u00fat d\u1ea1 quang 10ml FA0298\" width=\"150\" height=\"150\"> <\/a><\/p>\n<p>M\u1ed7i b\u01b0\u1edbc trong quy tr\u00ecnh \u0111\u1ec1u \u0111\u01b0\u1ee3c th\u1ef1c hi\u1ec7n v\u1edbi s\u1ef1 c\u1ea9n tr\u1ecdng t\u1ed1i \u0111a, v\u00ec quy tr\u00ecnh s\u1ea3n xu\u1ea5t \u0111\u1ed3 trang \u0111i\u1ec3m tinh t\u1ebf c\u00f3 th\u1ec3 b\u1ecb h\u1ecfng ch\u1ec9 v\u1edbi m\u1ed9t b\u01b0\u1edbc s\u01a1 su\u1ea5t. C\u01a1 s\u1edf c\u1ee7a ch\u00fang t\u00f4i \u0111\u01b0\u1ee3c ch\u1ee9ng nh\u1eadn ISO 22716 v\u00e0 c\u0169ng tu\u00e2n th\u1ee7 Th\u1ef1c h\u00e0nh S\u1ea3n xu\u1ea5t T\u1ed1t (GMP) v\u00e0 Th\u1ef1c h\u00e0nh Ph\u00f2ng th\u00ed nghi\u1ec7m T\u1ed1t (GLP), v\u00ec v\u1eady b\u1ea1n c\u00f3 th\u1ec3 ch\u1eafc ch\u1eafn r\u1eb1ng s\u1ea3n ph\u1ea9m c\u1ee7a m\u00ecnh \u0111\u00e1p \u1ee9ng c\u00e1c ti\u00eau chu\u1ea9n nghi\u00eam ng\u1eb7t nh\u1ea5t v\u1ec1 ch\u1ea5t l\u01b0\u1ee3ng<\/p>\n<h2 style=\"line-height: 12px; color: #6ec1e4; text-align: left;\">Bao b\u00ec Highlighter t\u00f9y ch\u1ec9nh<\/h2>\n<p style=\"text-align: left;\">&nbsp; &nbsp;(Color box packing,&nbsp;Display packing, OPP bag packing, Bulk&nbsp;box packing&nbsp;)<\/p>\n<p><a target=\"_blank\" href=\"http:\/\/kaseybeauty.com\/wp-content\/uploads\/2019\/03\/OEM-makeup-custom-packing.jpg\" rel=\"nofollow noopener\"><img loading=\"lazy\" decoding=\"async\" src=\"http:\/\/kaseybeauty.com\/wp-content\/uploads\/2019\/03\/OEM-makeup-custom-packing-1024x248.jpg\" alt=\"10ml Highlighter FA0298\" title=\"B\u00fat d\u1ea1 quang 10ml FA0298\" width=\"1024\" height=\"248\"><\/a><br \/>\nPH\u1ea4N N\u1ed4I TRANG \u0110I\u1ec2M OEM ODM<\/p>\n<table width=\"853\">\n<tbody>\n<tr>\n<td width=\"160\">ch\u1ee9ng nh\u1eadn:<\/td>\n<td width=\"605\">GMPC, ISO22716, SGS, MSDS<\/td>\n<\/tr>\n<tr>\n<td width=\"160\">th\u1eddi gian m\u1eabu<\/td>\n<td width=\"605\">&nbsp;7-15 ng\u00e0y<\/td>\n<\/tr>\n<tr>\n<td width=\"160\">th\u1eddi gian d\u1eabn<\/td>\n<td width=\"605\">&nbsp;35-60 ng\u00e0y, t\u00f9y thu\u1ed9c v\u00e0o m\u1eb7t h\u00e0ng b\u1ea1n ch\u1ecdn v\u00e0 s\u1ed1 l\u01b0\u1ee3ng<\/td>\n<\/tr>\n<tr>\n<td width=\"160\">Kh\u1ea3 n\u0103ng s\u1ea3n xu\u1ea5t:<\/td>\n<td width=\"605\">50000 mi\u1ebfng m\u1ed7i ng\u00e0y<\/td>\n<\/tr>\n<tr>\n<td width=\"160\">Ph\u01b0\u01a1ng th\u1ee9c thanh to\u00e1n:<\/td>\n<td width=\"605\">TT, L\/C, PayPal, Western Union, Money Gram, \u0110\u1ea3m b\u1ea3o th\u01b0\u01a1ng m\u1ea1i c\u1ee7a Alibaba<a target=\"_blank\" href=\"https:\/\/www.kaseybeauty.com\/vi\/payment-terms\/\" rel=\"nofollow noopener\">&#8230;&#8230;<\/a><\/td>\n<\/tr>\n<tr>\n<td width=\"160\">\u0110i\u1ec1u kho\u1ea3n thanh to\u00e1n<\/td>\n<td width=\"605\">&nbsp;Ti\u1ec1n \u0111\u1eb7t c\u1ecdc 30% \u0111\u01b0\u1ee3c thanh to\u00e1n tr\u01b0\u1edbc khi s\u1ea3n xu\u1ea5t h\u00e0ng lo\u1ea1t v\u00e0 s\u1ed1 d\u01b0 70% \u0111\u01b0\u1ee3c thanh to\u00e1n tr\u01b0\u1edbc khi giao h\u00e0ng<a target=\"_blank\" href=\"https:\/\/www.kaseybeauty.com\/vi\/payment-terms\/\" rel=\"nofollow noopener\">&#8230;&#8230;<\/a><\/td>\n<\/tr>\n<\/tbody>\n<\/table>\n<p><strong style=\"font-style: inherit;\">V\u1ec1 ch\u00fang t\u00f4i:&nbsp;<\/strong>Yiwu Kasey Cosmetic Co., Ltd is a professional OEM\/ODM China makeup manufactured.&nbsp;With over 10 years\u2019 experience in the cosmetics industry, we specialize in the manufacturer and exporter of the mid-to-high class of goods.<\/p>\n<p>We committed to providing the highest quality products, service and support for our customers that meets customer expectations. Achieving complete customer satisfaction is central to our business&nbsp;philosophy.<\/p>\n<p>Ch\u1ea5t l\u01b0\u1ee3ng l\u00e0 v\u0103n h\u00f3a c\u1ee7a ch\u00fang t\u00f4i, l\u00e0m vi\u1ec7c v\u1edbi ch\u00fang t\u00f4i ti\u1ec1n c\u1ee7a b\u1ea1n an to\u00e0n v\u00e0 doanh nghi\u1ec7p c\u1ee7a b\u1ea1n an to\u00e0n<a target=\"_blank\" style=\"font-style: inherit; font-weight: inherit; background-color: #ffffff;\" href=\"https:\/\/www.kaseybeauty.com\/vi\/kaseybeauty\/\" rel=\"nofollow noopener\">\u2026h\u01a1n<\/a><\/p>\n<p><a target=\"_blank\" href=\"https:\/\/www.kaseybeauty.com\/vi\/kaseybeauty\/\" rel=\"nofollow noopener\"><br \/>\n<img loading=\"lazy\" decoding=\"async\" src=\"http:\/\/kaseybeauty.com\/wp-content\/uploads\/2019\/01\/Eyeshadow-makeup-factory.jpg\" alt=\"10ml Highlighter FA0298\" title=\"B\u00fat d\u1ea1 quang 10ml FA0298\" width=\"526\" height=\"303\"> <\/a><br \/>\n<a target=\"_blank\" href=\"https:\/\/www.kaseybeauty.com\/vi\/kaseybeauty\/\" rel=\"nofollow noopener\"><br \/>\n<img loading=\"lazy\" decoding=\"async\" src=\"http:\/\/kaseybeauty.com\/wp-content\/uploads\/2019\/01\/Makeup-factory-Certificate-1024x145.jpg\" alt=\"10ml Highlighter FA0298\" title=\"B\u00fat d\u1ea1 quang 10ml FA0298\" sizes=\"(max-width: 1024px) 100vw, 1024px\" srcset=\"http:\/\/kaseybeauty.com\/wp-content\/uploads\/2019\/01\/Makeup-factory-Certificate-1024x145.jpg 1024w, http:\/\/kaseybeauty.com\/wp-content\/uploads\/2019\/01\/Makeup-factory-Certificate-750x106.jpg 750w, http:\/\/kaseybeauty.com\/wp-content\/uploads\/2019\/01\/Makeup-factory-Certificate-768x109.jpg 768w, http:\/\/kaseybeauty.com\/wp-content\/uploads\/2019\/01\/Makeup-factory-Certificate.jpg 1500w\" width=\"1024\" height=\"145\"> <\/a><\/p>\n<h2>C\u00e2u h\u1ecfi th\u01b0\u1eddng g\u1eb7p<\/h2>\n<p><a target=\"_blank\">H\u1ecfi: C\u00f4ng ty c\u1ee7a b\u1ea1n \u1edf \u0111\u00e2u?<\/a><\/p>\n<p>Tr\u1ea3 l\u1eddi: Nh\u00e0 m\u00e1y c\u1ee7a ch\u00fang t\u00f4i \u1edf th\u00e0nh ph\u1ed1 Ngh\u0129a \u00d4, t\u1ec9nh Chi\u1ebft Giang \u1edf mi\u1ec1n \u0110\u00f4ng Trung Qu\u1ed1c.<\/p>\n<p><a target=\"_blank\">Q: B\u00fat d\u1ea1 quang MOQ<\/a><\/p>\n<p>A: Normally 12,000 pcs, but we can make a few colors for you, each color MOQ 2000-3000&nbsp;Pieces<\/p>\n<p><a target=\"_blank\">Q: L\u00e0m th\u1ebf n\u00e0o \u0111\u1ec3 \u0111\u1eb7t h\u00e0ng b\u00fat d\u1ea1 quang?<\/a><\/p>\n<p>A: Vui l\u00f2ng truy c\u1eadp trang n\u00e0y<a target=\"_blank\" href=\"https:\/\/www.kaseybeauty.com\/vi\/how-to-place-order\/\" rel=\"nofollow noopener\"><b><u> L\u00e0m th\u1ebf n\u00e0o \u0111\u1ec3 \u0111\u1eb7t h\u00e0ng<\/u><\/b><\/a>&nbsp; ho\u1eb7c g\u1eedi y\u00eau c\u1ea7u cho ch\u00fang t\u00f4i qua <b>E-mail: <\/b>Mark@kaseybeauty.com, <b>\u1ee8ng d\u1ee5ng tr\u00f2 chuy\u1ec7n:<\/b> mark_hy , <b>Tr\u00f2 chuy\u1ec7n: <\/b>122254335 v\u00e0 <b>\u0111i\u1ec7n tho\u1ea1i\/Whatsapp<\/b>:+8613282915312<\/p>\n<p><a target=\"_blank\">H\u1ecfi: Ch\u00fang t\u00f4i c\u00f3 th\u1ec3 l\u1ea5y m\u1eabu \u0111\u1ec3 ki\u1ec3m tra tr\u01b0\u1edbc khi \u0111\u1eb7t s\u1ed1 l\u01b0\u1ee3ng l\u1edbn kh\u00f4ng?<\/a><\/p>\n<p>Tr\u1ea3 l\u1eddi: C\u00f3, t\u1ea1o m\u1eabu trong kho\u1ea3ng 5-12 ng\u00e0y sau khi nh\u1eadn \u0111\u01b0\u1ee3c chi ph\u00ed l\u1ea5y m\u1eabu v\u00e0 s\u1ed1 ti\u1ec1n \u0111\u00f3 c\u00f3 th\u1ec3 \u0111\u01b0\u1ee3c ho\u00e0n l\u1ea1i cho b\u1ea1n sau khi \u0111\u1eb7t h\u00e0ng.<\/p>\n<p><a target=\"_blank\"> Q: M\u1ea5t bao l\u00e2u \u0111\u1ec3 s\u1ea3n xu\u1ea5t sau khi \u0111\u01a1n h\u00e0ng \u0111\u01b0\u1ee3c \u0111\u1eb7t? <\/a><\/p>\n<p>A: 35-60 ng\u00e0y sau khi nh\u1eadn \u0111\u01b0\u1ee3c thanh to\u00e1n v\u00e0 x\u00e1c nh\u1eadn t\u00e1c ph\u1ea9m ngh\u1ec7 thu\u1eadt, trong khi \u0111\u00f3 n\u00f3 ph\u1ee5 thu\u1ed9c v\u00e0o s\u1ed1 l\u01b0\u1ee3ng.<\/p>\n<p><a target=\"_blank\">Q: B\u1ea1n c\u00f3 th\u1eed nghi\u1ec7m s\u1ea3n ph\u1ea9m c\u1ee7a m\u00ecnh tr\u00ean \u0111\u1ed9ng v\u1eadt kh\u00f4ng?<\/a><\/p>\n<p>Tr\u1ea3 l\u1eddi: H\u00e0ng h\u00f3a c\u1ee7a ch\u00fang t\u00f4i kh\u00f4ng c\u00f3 ch\u1ea5t \u0111\u1ed9c h\u1ea1i 100%, kh\u00f4ng c\u00f3 ch\u1ea5t n\u00e0o \u0111\u01b0\u1ee3c th\u1eed nghi\u1ec7m tr\u00ean \u0111\u1ed9ng v\u1eadt, ch\u1ec9 c\u00f3 nh\u00e2n vi\u00ean.<\/p>\n<p><a target=\"_blank\">Q: C\u00e1ch t\u1ed1t nh\u1ea5t \u0111\u1ec3 v\u1eadn chuy\u1ec3n \u0111\u1ed3 \u0111\u1ea1c c\u1ee7a t\u00f4i l\u00e0 g\u00ec <\/a><\/p>\n<p>Tr\u1ea3 l\u1eddi: 1. N\u1ebfu s\u1ed1 l\u01b0\u1ee3ng nh\u1ecf, l\u1eddi khuy\u00ean c\u1ee7a ch\u00fang t\u00f4i qua \u0111\u01b0\u1eddng h\u00e0ng kh\u00f4ng nh\u01b0 UPS, FedEx, DHL, v.v.<br \/>\n2. N\u1ebfu s\u1ed1 l\u01b0\u1ee3ng l\u1edbn h\u01a1n, l\u1eddi khuy\u00ean c\u1ee7a ch\u00fang t\u00f4i s\u1ebd g\u1eedi \u0111\u1ebfn b\u1ea1n b\u1eb1ng \u0111\u01b0\u1eddng bi\u1ec3n<a target=\"_blank\" href=\"https:\/\/www.kaseybeauty.com\/vi\/delivery\/\" rel=\"nofollow noopener\"><u>\u2026more<\/u><\/a><\/p>\n<p><a target=\"_blank\">Q: \u0110\u1eb7t h\u00e0ng ho\u1eb7c m\u1eabu kh\u00f4ng nh\u1eadn \u0111\u01b0\u1ee3c?<\/a><\/p>\n<p>Tr\u1ea3 l\u1eddi: Ch\u00fang t\u00f4i s\u1ebd cung c\u1ea5p cho b\u1ea1n S\u1ed1 theo d\u00f5i.<\/p>\n<p><a target=\"_blank\">Q: T\u00f4i ph\u1ea3i l\u00e0m g\u00ec n\u1ebfu b\u1ea5t k\u1ef3 m\u1ee5c n\u00e0o b\u1ecb h\u1ecfng? <\/a><\/p>\n<p>Tr\u1ea3 l\u1eddi: N\u1ebfu m\u1ed9t s\u1ea3n ph\u1ea9m b\u1ecb h\u01b0 h\u1ecfng khi nh\u1eadn, ch\u00fang t\u00f4i c\u00f3 th\u1ec3 ho\u00e0n l\u1ea1i ti\u1ec1n cho b\u1ea1n (c\u00e1c) m\u1eb7t h\u00e0ng \u0111\u00f3 n\u1ebfu b\u1ea1n li\u00ean h\u1ec7 v\u1edbi b\u1ed9 ph\u1eadn tr\u1ee3 gi\u00fap. Xin l\u01b0u \u00fd r\u1eb1ng b\u1ea1n c\u00f3 th\u1ec3 \u0111\u01b0\u1ee3c y\u00eau c\u1ea7u cung c\u1ea5p h\u00ecnh \u1ea3nh.<\/p>\n<p><a target=\"_blank\">Q: C\u00e1c s\u1ea3n ph\u1ea9m c\u00f3 tu\u00e2n th\u1ee7 c\u00e1c quy \u0111\u1ecbnh v\u1ec1 m\u1ef9 ph\u1ea9m, ch\u1eb3ng h\u1ea1n nh\u01b0 FDA v\u00e0 EU kh\u00f4ng?<\/a><\/p>\n<p>A: V\u00e2ng, nh\u00e0 m\u00e1y c\u1ee7a ch\u00fang t\u00f4i c\u00f3<a target=\"_blank\" href=\"https:\/\/www.kaseybeauty.com\/vi\/certificate\/\" rel=\"nofollow noopener\"> <u>ISO22716\/GMPC<\/u><\/a> gi\u1ea5y ch\u1ee9ng nh\u1eadn v\u00e0 h\u1ea7u h\u1ebft c\u00e1c th\u00e0nh ph\u1ea7n c\u1ee7a ch\u00fang t\u00f4i \u0111\u01b0\u1ee3c nh\u1eadp kh\u1ea9u t\u1eeb c\u00e1c nh\u00e0 cung c\u1ea5p n\u1ed5i ti\u1ebfng th\u1ebf gi\u1edbi nh\u01b0 Sun Chemical, Kingfisher, Kahl, Croda, Merch, Engelhard, v.v. sau khi b\u1ea1n \u0111\u1eb7t h\u00e0ng, ch\u00fang t\u00f4i s\u1ebd cung c\u1ea5p MSDS (B\u1ea3ng d\u1eef li\u1ec7u an to\u00e0n v\u1eadt li\u1ec7u) cho b\u1ea1n<\/p>\n<p><strong>D\u1ecaCH V\u1ee4 T\u1ed0T NH\u1ea4T &amp; T\u01af V\u1ea4N TH\u00c2N THI\u1ec6N&nbsp;<\/strong> &nbsp;N\u1ebfu b\u1ea1n c\u1ea7n th\u00eam b\u1ea5t k\u1ef3 th\u00f4ng tin n\u00e0o v\u1ec1 b\u1ea5t k\u1ef3 s\u1ea3n ph\u1ea9m l\u00e0m \u0111\u1eb9p n\u00e0o c\u1ee7a ch\u00fang t\u00f4i, h\u00e3y li\u00ean h\u1ec7 v\u1edbi ch\u00fang t\u00f4i qua email ho\u1eb7c Whatsapp, v.v. ch\u00fang t\u00f4i s\u1ebd li\u00ean h\u1ec7 l\u1ea1i v\u1edbi b\u1ea1n s\u1edbm nh\u1ea5t c\u00f3 th\u1ec3.<\/p>","protected":false},"excerpt":{"rendered":"Kasey Beauty manufactures a wide variety of  makeup, from Lip products, eye products, face products and anything in between. With state-of-the-art facilities, quality ingredients, and above 10 years\u2019 experience.","protected":false},"featured_media":4525,"menu_order":372,"template":"","meta":[],"class_list":["post-4524","product","type-product","status-publish","has-post-thumbnail","hentry","products-highlighter-glow"],"_links":{"self":[{"href":"https:\/\/www.kaseybeauty.com\/vi\/wp-json\/wp\/v2\/product\/4524","targetHints":{"allow":["GET"]}}],"collection":[{"href":"https:\/\/www.kaseybeauty.com\/vi\/wp-json\/wp\/v2\/product"}],"about":[{"href":"https:\/\/www.kaseybeauty.com\/vi\/wp-json\/wp\/v2\/types\/product"}],"version-history":[{"count":0,"href":"https:\/\/www.kaseybeauty.com\/vi\/wp-json\/wp\/v2\/product\/4524\/revisions"}],"wp:featuredmedia":[{"embeddable":true,"href":"https:\/\/www.kaseybeauty.com\/vi\/wp-json\/wp\/v2\/media\/4525"}],"wp:attachment":[{"href":"https:\/\/www.kaseybeauty.com\/vi\/wp-json\/wp\/v2\/media?parent=4524"}],"curies":[{"name":"wp","href":"https:\/\/api.w.org\/{rel}","templated":true}]}}